{"id":5,"date":"2020-01-13T11:17:52","date_gmt":"2020-01-13T07:17:52","guid":{"rendered":"https:\/\/demosites.io\/web-agency-gb\/?page_id=5"},"modified":"2024-06-04T10:29:01","modified_gmt":"2024-06-04T06:29:01","slug":"15c42-web-agency-gb-home","status":"publish","type":"page","link":"https:\/\/ville-plainedespalmistes.fr\/fetedesgoyaviers\/","title":{"rendered":"F\u00eate des goyaviers 2024"},"content":{"rendered":"\t\t<div data-elementor-type=\"wp-page\" data-elementor-id=\"5\" class=\"elementor elementor-5\" data-elementor-settings=\"[]\">\n\t\t\t\t\t\t\t<div class=\"elementor-section-wrap\">\n\t\t\t\t\t\t\t<section class=\"elementor-section elementor-top-section elementor-element elementor-element-b11c59e elementor-section-boxed elementor-section-height-default elementor-section-height-default\" data-id=\"b11c59e\" data-element_type=\"section\">\n\t\t\t\t\t\t<div class=\"elementor-container elementor-column-gap-default\">\n\t\t\t\t\t<div class=\"elementor-column elementor-col-100 elementor-top-column elementor-element elementor-element-deca8f6\" data-id=\"deca8f6\" data-element_type=\"column\">\n\t\t\t<div class=\"elementor-widget-wrap elementor-element-populated\">\n\t\t\t\t\t\t\t\t<div class=\"elementor-element elementor-element-aef7ff8 elementor-widget elementor-widget-image\" data-id=\"aef7ff8\" data-element_type=\"widget\" data-widget_type=\"image.default\">\n\t\t\t\t<div class=\"elementor-widget-container\">\n\t\t\t\t\t\t\t\t\t\t\t\t\t\t\t<img loading=\"lazy\" decoding=\"async\" width=\"930\" height=\"620\" src=\"https:\/\/ville-plainedespalmistes.fr\/fetedesgoyaviers\/wp-content\/uploads\/2024\/06\/Site-Plaine-930x620px.jpg\" class=\"attachment-full size-full\" alt=\"\" srcset=\"https:\/\/ville-plainedespalmistes.fr\/fetedesgoyaviers\/wp-content\/uploads\/2024\/06\/Site-Plaine-930x620px.jpg 930w, https:\/\/ville-plainedespalmistes.fr\/fetedesgoyaviers\/wp-content\/uploads\/2024\/06\/Site-Plaine-930x620px-600x400.jpg 600w, https:\/\/ville-plainedespalmistes.fr\/fetedesgoyaviers\/wp-content\/uploads\/2024\/06\/Site-Plaine-930x620px-768x512.jpg 768w\" sizes=\"auto, (max-width: 930px) 100vw, 930px\" \/>\t\t\t\t\t\t\t\t\t\t\t\t\t\t\t<\/div>\n\t\t\t\t<\/div>\n\t\t\t\t\t<\/div>\n\t\t<\/div>\n\t\t\t\t\t\t\t<\/div>\n\t\t<\/section>\n\t\t\t\t<section class=\"elementor-section elementor-top-section elementor-element elementor-element-68960a6 elementor-section-boxed elementor-section-height-default elementor-section-height-default\" data-id=\"68960a6\" data-element_type=\"section\">\n\t\t\t\t\t\t<div class=\"elementor-container elementor-column-gap-default\">\n\t\t\t\t\t<div class=\"elementor-column elementor-col-100 elementor-top-column elementor-element elementor-element-b833773\" data-id=\"b833773\" data-element_type=\"column\">\n\t\t\t<div class=\"elementor-widget-wrap\">\n\t\t\t\t\t\t\t\t\t<\/div>\n\t\t<\/div>\n\t\t\t\t\t\t\t<\/div>\n\t\t<\/section>\n\t\t\t\t<section class=\"elementor-section elementor-top-section elementor-element elementor-element-1931e54 elementor-section-boxed elementor-section-height-default elementor-section-height-default\" data-id=\"1931e54\" data-element_type=\"section\">\n\t\t\t\t\t\t<div class=\"elementor-container elementor-column-gap-default\">\n\t\t\t\t\t<div class=\"elementor-column elementor-col-100 elementor-top-column elementor-element elementor-element-aec113f\" data-id=\"aec113f\" data-element_type=\"column\">\n\t\t\t<div class=\"elementor-widget-wrap elementor-element-populated\">\n\t\t\t\t\t\t\t\t<div class=\"elementor-element elementor-element-15e4575 elementor-align-center elementor-widget elementor-widget-button\" data-id=\"15e4575\" data-element_type=\"widget\" data-widget_type=\"button.default\">\n\t\t\t\t<div class=\"elementor-widget-container\">\n\t\t\t\t\t<div class=\"elementor-button-wrapper\">\n\t\t\t<a href=\"https:\/\/ville-plainedespalmistes.fr\/fetedesgoyaviers\/le-programme\" class=\"elementor-button-link elementor-button elementor-size-sm\" role=\"button\">\n\t\t\t\t\t\t<span class=\"elementor-button-content-wrapper\">\n\t\t\t\t\t\t<span class=\"elementor-button-text\">CONSULTER LE PROGRAMME 2024<\/span>\n\t\t<\/span>\n\t\t\t\t\t<\/a>\n\t\t<\/div>\n\t\t\t\t<\/div>\n\t\t\t\t<\/div>\n\t\t\t\t\t<\/div>\n\t\t<\/div>\n\t\t\t\t\t\t\t<\/div>\n\t\t<\/section>\n\t\t\t\t<section class=\"elementor-section elementor-top-section elementor-element elementor-element-2edfae69 elementor-section-full_width elementor-reverse-tablet elementor-reverse-mobile elementor-section-height-default elementor-section-height-default\" data-id=\"2edfae69\" data-element_type=\"section\" data-settings=\"{&quot;shape_divider_bottom&quot;:&quot;mountains&quot;}\">\n\t\t\t\t\t<div class=\"elementor-shape elementor-shape-bottom\" data-negative=\"false\">\n\t\t\t<svg xmlns=\"http:\/\/www.w3.org\/2000\/svg\" viewBox=\"0 0 1000 100\" preserveAspectRatio=\"none\">\n\t<path class=\"elementor-shape-fill\" opacity=\"0.33\" d=\"M473,67.3c-203.9,88.3-263.1-34-320.3,0C66,119.1,0,59.7,0,59.7V0h1000v59.7 c0,0-62.1,26.1-94.9,29.3c-32.8,3.3-62.8-12.3-75.8-22.1C806,49.6,745.3,8.7,694.9,4.7S492.4,59,473,67.3z\"\/>\n\t<path class=\"elementor-shape-fill\" opacity=\"0.66\" d=\"M734,67.3c-45.5,0-77.2-23.2-129.1-39.1c-28.6-8.7-150.3-10.1-254,39.1 s-91.7-34.4-149.2,0C115.7,118.3,0,39.8,0,39.8V0h1000v36.5c0,0-28.2-18.5-92.1-18.5C810.2,18.1,775.7,67.3,734,67.3z\"\/>\n\t<path class=\"elementor-shape-fill\" d=\"M766.1,28.9c-200-57.5-266,65.5-395.1,19.5C242,1.8,242,5.4,184.8,20.6C128,35.8,132.3,44.9,89.9,52.5C28.6,63.7,0,0,0,0 h1000c0,0-9.9,40.9-83.6,48.1S829.6,47,766.1,28.9z\"\/>\n<\/svg>\t\t<\/div>\n\t\t\t\t\t<div class=\"elementor-container elementor-column-gap-default\">\n\t\t\t\t\t<div class=\"elementor-column elementor-col-100 elementor-top-column elementor-element elementor-element-de54242\" data-id=\"de54242\" data-element_type=\"column\">\n\t\t\t<div class=\"elementor-widget-wrap elementor-element-populated\">\n\t\t\t\t\t\t\t\t<div class=\"elementor-element elementor-element-1d04c9ee premium-header-block elementor-widget elementor-widget-premium-addon-dual-header\" data-id=\"1d04c9ee\" data-element_type=\"widget\" data-widget_type=\"premium-addon-dual-header.default\">\n\t\t\t\t<div class=\"elementor-widget-container\">\n\t\t\t\n\t<div class=\"premium-dual-header-container\">\n\t\t\t\t<div class=\"premium-dual-header-first-container\">\n\t\t\t<h2 class=\"premium-dual-header-first-header \"><span class=\"premium-dual-header-first-span\"> <\/span><span class=\"premium-dual-header-second-header \"><\/span><\/h2> \t\t<\/div>\n\t\t\t<\/div>\n\n\t\t\t\t<\/div>\n\t\t\t\t<\/div>\n\t\t\t\t<div class=\"elementor-element elementor-element-27aa8764 elementor-widget-divider--separator-type-pattern elementor-widget-divider--view-line elementor-widget elementor-widget-divider\" data-id=\"27aa8764\" data-element_type=\"widget\" data-widget_type=\"divider.default\">\n\t\t\t\t<div class=\"elementor-widget-container\">\n\t\t\t\t\t<div class=\"elementor-divider\" style=\"--divider-pattern-url: url(&quot;data:image\/svg+xml,%3Csvg xmlns=&#039;http:\/\/www.w3.org\/2000\/svg&#039; preserveAspectRatio=&#039;none&#039; overflow=&#039;visible&#039; height=&#039;100%&#039; viewBox=&#039;0 0 24 24&#039; fill=&#039;none&#039; stroke=&#039;black&#039; stroke-width=&#039;6&#039; stroke-linecap=&#039;square&#039; stroke-miterlimit=&#039;10&#039;%3E%3Cpolyline points=&#039;0,18 12,6 24,18 &#039;\/%3E%3C\/svg%3E&quot;);\">\n\t\t\t<span class=\"elementor-divider-separator\">\n\t\t\t\t\t\t<\/span>\n\t\t<\/div>\n\t\t\t\t<\/div>\n\t\t\t\t<\/div>\n\t\t\t\t<div class=\"elementor-element elementor-element-1dd43b48 elementor-widget elementor-widget-text-editor\" data-id=\"1dd43b48\" data-element_type=\"widget\" data-widget_type=\"text-editor.default\">\n\t\t\t\t<div class=\"elementor-widget-container\">\n\t\t\t\t\t\t\t\t<p><strong>Le d\u00e9licieux petit fruit rouge,<\/strong> star de La Plaine des Palmistes est dignement<\/p><p>c\u00e9l\u00e9br\u00e9 chaque ann\u00e9e durant <strong>3 jours de f\u00eates et d\u2019animations.<\/strong><\/p><p>La F\u00eate des Goyaviers, tr\u00e8s appr\u00e9ci\u00e9e des r\u00e9unionnais propose de d\u00e9couvrir de nombreuses pr\u00e9parations et<\/p><p>recettes autour du goyavier \u2013 confiture, gel\u00e9e, p\u00e2te de fruit, p\u00e2tisseries, jus, sirops, sorbets, punchs\u2026-<\/p><p>mais aussi de rencontrer des producteurs et de participer \u00e0 la cueillette des goyaviers.<\/p><p>Toute la commune de la Plaine des Palmistes s\u2019anime et vous propose <strong>diff\u00e9rentes animations <\/strong><\/p><p>(d\u00e9monstrations, concours, balades\u2026) et <strong>des concerts en soir\u00e9e. <\/strong><\/p><p><strong>Un stand de l\u2019Office du Tourisme de l\u2019Est<\/strong> et <strong>l&rsquo;Association Nout&rsquo;Goyavier<\/strong> seront \u00e9galement pr\u00e9sents \u00e0 l&rsquo;entr\u00e9e afin de vous faire d\u00e9couvrir\u00a0 vous permettra de partir \u00e0 la d\u00e9couverte d\u2019exploitations pour des cueillettes ou bien encore d\u2019organiser votre prochain s\u00e9jour dans l\u2019Est.<\/p>\t\t\t\t\t\t<\/div>\n\t\t\t\t<\/div>\n\t\t\t\t<div class=\"elementor-element elementor-element-1a3a96cd elementor-widget-divider--separator-type-pattern elementor-widget-divider--view-line elementor-widget elementor-widget-divider\" data-id=\"1a3a96cd\" data-element_type=\"widget\" data-widget_type=\"divider.default\">\n\t\t\t\t<div class=\"elementor-widget-container\">\n\t\t\t\t\t<div class=\"elementor-divider\" style=\"--divider-pattern-url: url(&quot;data:image\/svg+xml,%3Csvg xmlns=&#039;http:\/\/www.w3.org\/2000\/svg&#039; preserveAspectRatio=&#039;none&#039; overflow=&#039;visible&#039; height=&#039;100%&#039; viewBox=&#039;0 0 24 24&#039; fill=&#039;none&#039; stroke=&#039;black&#039; stroke-width=&#039;6&#039; stroke-linecap=&#039;square&#039; stroke-miterlimit=&#039;10&#039;%3E%3Cpolyline points=&#039;0,18 12,6 24,18 &#039;\/%3E%3C\/svg%3E&quot;);\">\n\t\t\t<span class=\"elementor-divider-separator\">\n\t\t\t\t\t\t<\/span>\n\t\t<\/div>\n\t\t\t\t<\/div>\n\t\t\t\t<\/div>\n\t\t\t\t<div class=\"elementor-element elementor-element-707a634 elementor-widget elementor-widget-text-editor\" data-id=\"707a634\" data-element_type=\"widget\" data-widget_type=\"text-editor.default\">\n\t\t\t\t<div class=\"elementor-widget-container\">\n\t\t\t\t\t\t\t\t\t\t\t\t\t\t<\/div>\n\t\t\t\t<\/div>\n\t\t\t\t<div class=\"elementor-element elementor-element-46f39232 premium-header-block elementor-widget elementor-widget-premium-addon-dual-header\" data-id=\"46f39232\" data-element_type=\"widget\" data-widget_type=\"premium-addon-dual-header.default\">\n\t\t\t\t<div class=\"elementor-widget-container\">\n\t\t\t\n\t<div class=\"premium-dual-header-container\">\n\t\t\t\t<div class=\"premium-dual-header-first-container\">\n\t\t\t<h2 class=\"premium-dual-header-first-header \"><span class=\"premium-dual-header-first-span\"> <\/span><span class=\"premium-dual-header-second-header \"><\/span><\/h2> \t\t<\/div>\n\t\t\t<\/div>\n\n\t\t\t\t<\/div>\n\t\t\t\t<\/div>\n\t\t\t\t\t<\/div>\n\t\t<\/div>\n\t\t\t\t\t\t\t<\/div>\n\t\t<\/section>\n\t\t\t\t\t\t<\/div>\n\t\t\t\t\t<\/div>\n\t\t","protected":false},"excerpt":{"rendered":"<p>CONSULTER LE PROGRAMME 2024 Le d\u00e9licieux petit fruit rouge, star de La Plaine des Palmistes est dignement c\u00e9l\u00e9br\u00e9 chaque ann\u00e9e durant 3 jours de f\u00eates et d\u2019animations. La F\u00eate des Goyaviers, tr\u00e8s appr\u00e9ci\u00e9e des r\u00e9unionnais propose de d\u00e9couvrir de nombreuses pr\u00e9parations et recettes autour du goyavier \u2013 confiture, gel\u00e9e, p\u00e2te de fruit, p\u00e2tisseries, jus, sirops,&hellip;&nbsp;<a href=\"https:\/\/ville-plainedespalmistes.fr\/fetedesgoyaviers\/\" class=\"\" rel=\"bookmark\">Lire la suite &raquo;<span class=\"screen-reader-text\">F\u00eate des goyaviers 2024<\/span><\/a><\/p>\n","protected":false},"author":1,"featured_media":0,"parent":0,"menu_order":0,"comment_status":"closed","ping_status":"closed","template":"","meta":{"neve_meta_sidebar":"default","neve_meta_container":"default","neve_meta_enable_content_width":"on","neve_meta_content_width":100,"neve_meta_title_alignment":"","neve_meta_author_avatar":"","neve_post_elements_order":"","neve_meta_disable_header":"","neve_meta_disable_footer":"","neve_meta_disable_title":"on","_ti_tpc_template_sync":false,"_ti_tpc_template_id":"cwhkd9lki581rusuhjti","footnotes":""},"class_list":["post-5","page","type-page","status-publish","hentry"],"yoast_head":"<!-- This site is optimized with the Yoast SEO plugin v16.3 - https:\/\/yoast.com\/wordpress\/plugins\/seo\/ -->\n<title>F\u00eate des goyaviers 2024 - Site officiel de la F\u00eate des Goyaviers<\/title>\n<meta name=\"robots\" content=\"index, follow, max-snippet:-1, max-image-preview:large, max-video-preview:-1\" \/>\n<link rel=\"canonical\" href=\"https:\/\/ville-plainedespalmistes.fr\/fetedesgoyaviers\/\" \/>\n<meta property=\"og:locale\" content=\"fr_FR\" \/>\n<meta property=\"og:type\" content=\"article\" \/>\n<meta property=\"og:title\" content=\"F\u00eate des goyaviers 2024 - Site officiel de la F\u00eate des Goyaviers\" \/>\n<meta property=\"og:description\" content=\"CONSULTER LE PROGRAMME 2024 Le d\u00e9licieux petit fruit rouge, star de La Plaine des Palmistes est dignement c\u00e9l\u00e9br\u00e9 chaque ann\u00e9e durant 3 jours de f\u00eates et d\u2019animations. La F\u00eate des Goyaviers, tr\u00e8s appr\u00e9ci\u00e9e des r\u00e9unionnais propose de d\u00e9couvrir de nombreuses pr\u00e9parations et recettes autour du goyavier \u2013 confiture, gel\u00e9e, p\u00e2te de fruit, p\u00e2tisseries, jus, sirops,&hellip;&nbsp;Lire la suite &raquo;F\u00eate des goyaviers 2024\" \/>\n<meta property=\"og:url\" content=\"https:\/\/ville-plainedespalmistes.fr\/fetedesgoyaviers\/\" \/>\n<meta property=\"og:site_name\" content=\"Site officiel de la F\u00eate des Goyaviers\" \/>\n<meta property=\"article:modified_time\" content=\"2024-06-04T06:29:01+00:00\" \/>\n<meta property=\"og:image\" content=\"http:\/\/ville-plainedespalmistes.fr\/fetedesgoyaviers\/wp-content\/uploads\/2024\/06\/Site-Plaine-930x620px.jpg\" \/>\n<meta name=\"twitter:card\" content=\"summary\" \/>\n<meta name=\"twitter:label1\" content=\"Dur\u00e9e de lecture est.\">\n\t<meta name=\"twitter:data1\" content=\"1 minute\">\n<script type=\"application\/ld+json\" class=\"yoast-schema-graph\">{\"@context\":\"https:\/\/schema.org\",\"@graph\":[{\"@type\":\"WebSite\",\"@id\":\"http:\/\/ville-plainedespalmistes.fr\/fetedesgoyaviers\/#website\",\"url\":\"http:\/\/ville-plainedespalmistes.fr\/fetedesgoyaviers\/\",\"name\":\"Site officiel de la F\\u00eate des Goyaviers\",\"description\":\"Le goyavier sur le g\\u00e2teau !\",\"potentialAction\":[{\"@type\":\"SearchAction\",\"target\":\"http:\/\/ville-plainedespalmistes.fr\/fetedesgoyaviers\/?s={search_term_string}\",\"query-input\":\"required name=search_term_string\"}],\"inLanguage\":\"fr-FR\"},{\"@type\":\"ImageObject\",\"@id\":\"https:\/\/ville-plainedespalmistes.fr\/fetedesgoyaviers\/#primaryimage\",\"inLanguage\":\"fr-FR\",\"url\":\"http:\/\/ville-plainedespalmistes.fr\/fetedesgoyaviers\/wp-content\/uploads\/2024\/06\/Site-Plaine-930x620px.jpg\",\"contentUrl\":\"http:\/\/ville-plainedespalmistes.fr\/fetedesgoyaviers\/wp-content\/uploads\/2024\/06\/Site-Plaine-930x620px.jpg\"},{\"@type\":\"WebPage\",\"@id\":\"https:\/\/ville-plainedespalmistes.fr\/fetedesgoyaviers\/#webpage\",\"url\":\"https:\/\/ville-plainedespalmistes.fr\/fetedesgoyaviers\/\",\"name\":\"F\\u00eate des goyaviers 2024 - Site officiel de la F\\u00eate des Goyaviers\",\"isPartOf\":{\"@id\":\"http:\/\/ville-plainedespalmistes.fr\/fetedesgoyaviers\/#website\"},\"primaryImageOfPage\":{\"@id\":\"https:\/\/ville-plainedespalmistes.fr\/fetedesgoyaviers\/#primaryimage\"},\"datePublished\":\"2020-01-13T07:17:52+00:00\",\"dateModified\":\"2024-06-04T06:29:01+00:00\",\"breadcrumb\":{\"@id\":\"https:\/\/ville-plainedespalmistes.fr\/fetedesgoyaviers\/#breadcrumb\"},\"inLanguage\":\"fr-FR\",\"potentialAction\":[{\"@type\":\"ReadAction\",\"target\":[\"https:\/\/ville-plainedespalmistes.fr\/fetedesgoyaviers\/\"]}]},{\"@type\":\"BreadcrumbList\",\"@id\":\"https:\/\/ville-plainedespalmistes.fr\/fetedesgoyaviers\/#breadcrumb\",\"itemListElement\":[{\"@type\":\"ListItem\",\"position\":1,\"item\":{\"@type\":\"WebPage\",\"@id\":\"https:\/\/ville-plainedespalmistes.fr\/fetedesgoyaviers\/\",\"url\":\"https:\/\/ville-plainedespalmistes.fr\/fetedesgoyaviers\/\",\"name\":\"Accueil\"}},{\"@type\":\"ListItem\",\"position\":2,\"item\":{\"@id\":\"https:\/\/ville-plainedespalmistes.fr\/fetedesgoyaviers\/#webpage\"}}]}]}<\/script>\n<!-- \/ Yoast SEO plugin. -->","_links":{"self":[{"href":"https:\/\/ville-plainedespalmistes.fr\/fetedesgoyaviers\/wp-json\/wp\/v2\/pages\/5","targetHints":{"allow":["GET"]}}],"collection":[{"href":"https:\/\/ville-plainedespalmistes.fr\/fetedesgoyaviers\/wp-json\/wp\/v2\/pages"}],"about":[{"href":"https:\/\/ville-plainedespalmistes.fr\/fetedesgoyaviers\/wp-json\/wp\/v2\/types\/page"}],"author":[{"embeddable":true,"href":"https:\/\/ville-plainedespalmistes.fr\/fetedesgoyaviers\/wp-json\/wp\/v2\/users\/1"}],"replies":[{"embeddable":true,"href":"https:\/\/ville-plainedespalmistes.fr\/fetedesgoyaviers\/wp-json\/wp\/v2\/comments?post=5"}],"version-history":[{"count":192,"href":"https:\/\/ville-plainedespalmistes.fr\/fetedesgoyaviers\/wp-json\/wp\/v2\/pages\/5\/revisions"}],"predecessor-version":[{"id":3605,"href":"https:\/\/ville-plainedespalmistes.fr\/fetedesgoyaviers\/wp-json\/wp\/v2\/pages\/5\/revisions\/3605"}],"wp:attachment":[{"href":"https:\/\/ville-plainedespalmistes.fr\/fetedesgoyaviers\/wp-json\/wp\/v2\/media?parent=5"}],"curies":[{"name":"wp","href":"https:\/\/api.w.org\/{rel}","templated":true}]}}