{"id":1970,"date":"2021-05-11T20:09:48","date_gmt":"2021-05-11T16:09:48","guid":{"rendered":"http:\/\/ville-plainedespalmistes.fr\/fetedesgoyaviers\/?page_id=1970"},"modified":"2024-06-04T10:32:55","modified_gmt":"2024-06-04T06:32:55","slug":"le-guide-du-bon-cueilleur","status":"publish","type":"page","link":"https:\/\/ville-plainedespalmistes.fr\/fetedesgoyaviers\/le-guide-du-bon-cueilleur\/","title":{"rendered":"Le guide du bon cueilleur"},"content":{"rendered":"\t\t<div data-elementor-type=\"wp-page\" data-elementor-id=\"1970\" class=\"elementor elementor-1970\" data-elementor-settings=\"[]\">\n\t\t\t\t\t\t\t<div class=\"elementor-section-wrap\">\n\t\t\t\t\t\t\t<section class=\"elementor-section elementor-top-section elementor-element elementor-element-3e4f7951 elementor-section-boxed elementor-section-height-default elementor-section-height-default\" data-id=\"3e4f7951\" data-element_type=\"section\">\n\t\t\t\t\t\t<div class=\"elementor-container elementor-column-gap-default\">\n\t\t\t\t\t<div class=\"elementor-column elementor-col-100 elementor-top-column elementor-element elementor-element-64c09abd\" data-id=\"64c09abd\" data-element_type=\"column\">\n\t\t\t<div class=\"elementor-widget-wrap elementor-element-populated\">\n\t\t\t\t\t\t\t\t<div class=\"elementor-element elementor-element-63470e1f elementor-widget elementor-widget-text-editor\" data-id=\"63470e1f\" data-element_type=\"widget\" data-widget_type=\"text-editor.default\">\n\t\t\t\t<div class=\"elementor-widget-container\">\n\t\t\t\t\t\t\t\t<!-- wp:paragraph {\"align\":\"center\"} --><!-- \/wp:paragraph --><!-- wp:paragraph -->\n<p>Suite \u00e0 des incidents et des incivilit\u00e9s qui se sont produits sur des exploitations, <strong>l\u2019association Nout\u2019 goyavier<\/strong> a contribu\u00e9 \u00e0 l\u2019\u00e9criture d\u2019un guide du bon cueilleur, afin de cadrer la forte demande en saison, sensibiliser le public \u00e0 la g\u00eane pour le voisinage et au respect de la vie priv\u00e9.<br \/><br \/><\/p>\n<!-- \/wp:paragraph --><!-- wp:list -->\n<ul>\n<li>Avant de venir, il est recommand\u00e9 de <strong>r\u00e9server le temps de cueillette aupr\u00e8s du propri\u00e9taire du champ.<\/strong> Cela favorise une bonne r\u00e9gulation des visiteurs, le respect de distanciation et la disponibilit\u00e9 de goyavier. Il y en aura toute la saison\u00a0! <br \/><br \/>Liste disponible sur demande \u00e0 l\u2019association des producteurs de goyaviers, Nout\u2019 Goyavier, par mail \u00e0 <a href=\"mailto:lesproducteursnoutgoyavier@gmail.com\">lesproducteursnoutgoyavier@gmail.com<\/a><\/li>\n<\/ul>\n<!-- \/wp:list --><!-- wp:list -->\n<ul>\n<li><strong>Respecter le stationnement sur la voie publique et sur les espaces r\u00e9serv\u00e9s<\/strong> \u00e0 cet effet dans les exploitations, il ne faut pas se garer devant les entr\u00e9es et sorties de v\u00e9hicules.<\/li>\n<\/ul>\n<!-- \/wp:list --><!-- wp:list -->\n<ul>\n<li><strong>Le port du masque est obligatoire dans les champs de goyavier,<\/strong> \u00e9viter de les jeter en dehors des poubelles qui seront \u00e0 votre disposition \u00e0 l\u2019entr\u00e9e du champ.<\/li>\n<\/ul>\n<!-- \/wp:list --><!-- wp:list -->\n<ul>\n<li><strong>La politesse et le respect mutuel restent de mise<\/strong>. Respectons, l\u2019agriculteur, son exploitation et son voisinage. Aucune agressivit\u00e9 n\u2019est admise.<\/li>\n<\/ul>\n<!-- \/wp:list --><!-- wp:list -->\n<ul>\n<li>Respecter les zones cl\u00f4tur\u00e9es, en friche ou naturelles qui sont des propri\u00e9t\u00e9s priv\u00e9es\u00a0: il est\u00a0<strong>interdit de ramasser les goyaviers dans les espaces priv\u00e9s et l\u2019espace public domanial.<\/strong><\/li>\n<\/ul>\n<!-- \/wp:list --><!-- wp:list -->\n<ul>\n<li><strong>Ramassez le goyavier<\/strong>\u00a0uniquement dans l\u2019espace autoris\u00e9 sur le conseil de votre h\u00f4te.<\/li>\n<\/ul>\n<!-- \/wp:list --><!-- wp:list -->\n<ul>\n<li>Pour l\u2019environnement et la bonne r\u00e9colte, ne\u00a0<strong>jamais utiliser de sac plastique<\/strong>\u00a0pour les transporter mais un panier ou un seau.<\/li>\n<\/ul>\n<!-- \/wp:list --><!-- wp:list -->\n<ul>\n<li><strong>Restez voyant<\/strong>\u00a0avec une tenue appropri\u00e9e en \u00e9vitant d\u2019entrer dans les espaces priv\u00e9s. Si vous p\u00e9n\u00e9trez sur un espace priv\u00e9 sans autorisation, cela pourra \u00eatre consid\u00e9r\u00e9 comme une violation de propri\u00e9t\u00e9. Votre responsabilit\u00e9 sera alors engag\u00e9e.<\/li>\n<\/ul>\n<!-- \/wp:list -->\t\t\t\t\t\t<\/div>\n\t\t\t\t<\/div>\n\t\t\t\t\t<\/div>\n\t\t<\/div>\n\t\t\t\t\t\t\t<\/div>\n\t\t<\/section>\n\t\t\t\t\t\t<\/div>\n\t\t\t\t\t<\/div>\n\t\t","protected":false},"excerpt":{"rendered":"<p>Suite \u00e0 des incidents et des incivilit\u00e9s qui se sont produits sur des exploitations, l\u2019association Nout\u2019 goyavier a contribu\u00e9 \u00e0 l\u2019\u00e9criture d\u2019un guide du bon cueilleur, afin de cadrer la forte demande en saison, sensibiliser le public \u00e0 la g\u00eane pour le voisinage et au respect de la vie priv\u00e9. Avant de venir, il est&hellip;&nbsp;<a href=\"https:\/\/ville-plainedespalmistes.fr\/fetedesgoyaviers\/le-guide-du-bon-cueilleur\/\" class=\"\" rel=\"bookmark\">Lire la suite &raquo;<span class=\"screen-reader-text\">Le guide du bon cueilleur<\/span><\/a><\/p>\n","protected":false},"author":1,"featured_media":0,"parent":0,"menu_order":0,"comment_status":"closed","ping_status":"closed","template":"","meta":{"neve_meta_sidebar":"","neve_meta_container":"","neve_meta_enable_content_width":"","neve_meta_content_width":0,"neve_meta_title_alignment":"","neve_meta_author_avatar":"","neve_post_elements_order":"","neve_meta_disable_header":"","neve_meta_disable_footer":"","neve_meta_disable_title":"","_ti_tpc_template_sync":false,"_ti_tpc_template_id":"","footnotes":""},"class_list":["post-1970","page","type-page","status-publish","hentry"],"yoast_head":"<!-- This site is optimized with the Yoast SEO plugin v16.3 - https:\/\/yoast.com\/wordpress\/plugins\/seo\/ -->\n<title>Le guide du bon cueilleur - Site officiel de la F\u00eate des Goyaviers<\/title>\n<meta name=\"robots\" content=\"index, follow, max-snippet:-1, max-image-preview:large, max-video-preview:-1\" \/>\n<link rel=\"canonical\" href=\"https:\/\/ville-plainedespalmistes.fr\/fetedesgoyaviers\/le-guide-du-bon-cueilleur\/\" \/>\n<meta property=\"og:locale\" content=\"fr_FR\" \/>\n<meta property=\"og:type\" content=\"article\" \/>\n<meta property=\"og:title\" content=\"Le guide du bon cueilleur - Site officiel de la F\u00eate des Goyaviers\" \/>\n<meta property=\"og:description\" content=\"Suite \u00e0 des incidents et des incivilit\u00e9s qui se sont produits sur des exploitations, l\u2019association Nout\u2019 goyavier a contribu\u00e9 \u00e0 l\u2019\u00e9criture d\u2019un guide du bon cueilleur, afin de cadrer la forte demande en saison, sensibiliser le public \u00e0 la g\u00eane pour le voisinage et au respect de la vie priv\u00e9. Avant de venir, il est&hellip;&nbsp;Lire la suite &raquo;Le guide du bon cueilleur\" \/>\n<meta property=\"og:url\" content=\"https:\/\/ville-plainedespalmistes.fr\/fetedesgoyaviers\/le-guide-du-bon-cueilleur\/\" \/>\n<meta property=\"og:site_name\" content=\"Site officiel de la F\u00eate des Goyaviers\" \/>\n<meta property=\"article:modified_time\" content=\"2024-06-04T06:32:55+00:00\" \/>\n<meta name=\"twitter:card\" content=\"summary\" \/>\n<meta name=\"twitter:label1\" content=\"Dur\u00e9e de lecture est.\">\n\t<meta name=\"twitter:data1\" content=\"2 minutes\">\n<script type=\"application\/ld+json\" class=\"yoast-schema-graph\">{\"@context\":\"https:\/\/schema.org\",\"@graph\":[{\"@type\":\"WebSite\",\"@id\":\"http:\/\/ville-plainedespalmistes.fr\/fetedesgoyaviers\/#website\",\"url\":\"http:\/\/ville-plainedespalmistes.fr\/fetedesgoyaviers\/\",\"name\":\"Site officiel de la F\\u00eate des Goyaviers\",\"description\":\"Le goyavier sur le g\\u00e2teau !\",\"potentialAction\":[{\"@type\":\"SearchAction\",\"target\":\"http:\/\/ville-plainedespalmistes.fr\/fetedesgoyaviers\/?s={search_term_string}\",\"query-input\":\"required name=search_term_string\"}],\"inLanguage\":\"fr-FR\"},{\"@type\":\"WebPage\",\"@id\":\"https:\/\/ville-plainedespalmistes.fr\/fetedesgoyaviers\/le-guide-du-bon-cueilleur\/#webpage\",\"url\":\"https:\/\/ville-plainedespalmistes.fr\/fetedesgoyaviers\/le-guide-du-bon-cueilleur\/\",\"name\":\"Le guide du bon cueilleur - Site officiel de la F\\u00eate des Goyaviers\",\"isPartOf\":{\"@id\":\"http:\/\/ville-plainedespalmistes.fr\/fetedesgoyaviers\/#website\"},\"datePublished\":\"2021-05-11T16:09:48+00:00\",\"dateModified\":\"2024-06-04T06:32:55+00:00\",\"breadcrumb\":{\"@id\":\"https:\/\/ville-plainedespalmistes.fr\/fetedesgoyaviers\/le-guide-du-bon-cueilleur\/#breadcrumb\"},\"inLanguage\":\"fr-FR\",\"potentialAction\":[{\"@type\":\"ReadAction\",\"target\":[\"https:\/\/ville-plainedespalmistes.fr\/fetedesgoyaviers\/le-guide-du-bon-cueilleur\/\"]}]},{\"@type\":\"BreadcrumbList\",\"@id\":\"https:\/\/ville-plainedespalmistes.fr\/fetedesgoyaviers\/le-guide-du-bon-cueilleur\/#breadcrumb\",\"itemListElement\":[{\"@type\":\"ListItem\",\"position\":1,\"item\":{\"@type\":\"WebPage\",\"@id\":\"https:\/\/ville-plainedespalmistes.fr\/fetedesgoyaviers\/\",\"url\":\"https:\/\/ville-plainedespalmistes.fr\/fetedesgoyaviers\/\",\"name\":\"Accueil\"}},{\"@type\":\"ListItem\",\"position\":2,\"item\":{\"@id\":\"https:\/\/ville-plainedespalmistes.fr\/fetedesgoyaviers\/le-guide-du-bon-cueilleur\/#webpage\"}}]}]}<\/script>\n<!-- \/ Yoast SEO plugin. -->","_links":{"self":[{"href":"https:\/\/ville-plainedespalmistes.fr\/fetedesgoyaviers\/wp-json\/wp\/v2\/pages\/1970","targetHints":{"allow":["GET"]}}],"collection":[{"href":"https:\/\/ville-plainedespalmistes.fr\/fetedesgoyaviers\/wp-json\/wp\/v2\/pages"}],"about":[{"href":"https:\/\/ville-plainedespalmistes.fr\/fetedesgoyaviers\/wp-json\/wp\/v2\/types\/page"}],"author":[{"embeddable":true,"href":"https:\/\/ville-plainedespalmistes.fr\/fetedesgoyaviers\/wp-json\/wp\/v2\/users\/1"}],"replies":[{"embeddable":true,"href":"https:\/\/ville-plainedespalmistes.fr\/fetedesgoyaviers\/wp-json\/wp\/v2\/comments?post=1970"}],"version-history":[{"count":16,"href":"https:\/\/ville-plainedespalmistes.fr\/fetedesgoyaviers\/wp-json\/wp\/v2\/pages\/1970\/revisions"}],"predecessor-version":[{"id":2325,"href":"https:\/\/ville-plainedespalmistes.fr\/fetedesgoyaviers\/wp-json\/wp\/v2\/pages\/1970\/revisions\/2325"}],"wp:attachment":[{"href":"https:\/\/ville-plainedespalmistes.fr\/fetedesgoyaviers\/wp-json\/wp\/v2\/media?parent=1970"}],"curies":[{"name":"wp","href":"https:\/\/api.w.org\/{rel}","templated":true}]}}